{"id":897,"date":"2025-07-31T20:00:21","date_gmt":"2025-07-31T18:00:21","guid":{"rendered":"http:\/\/laetitiacallemeyn.be\/?page_id=897"},"modified":"2025-07-31T22:11:30","modified_gmt":"2025-07-31T20:11:30","slug":"a-propos","status":"publish","type":"page","link":"https:\/\/laetitiacallemeyn.be\/index.php\/a-propos\/","title":{"rendered":"\u00c0 propos"},"content":{"rendered":"<div data-colibri-id=\"897-c1\" class=\"style-436 style-local-897-c1 position-relative\">\n  <!----><\/p>\n<div data-colibri-component=\"section\" data-colibri-id=\"897-c2\" id=\"about\" class=\"h-section h-section-global-spacing d-flex align-items-lg-center align-items-md-center align-items-center style-437 style-local-897-c2 position-relative\">\n    <!----><br \/>\n    <!----><\/p>\n<div class=\"h-section-grid-container h-section-boxed-container\">\n      <!----><\/p>\n<div data-colibri-id=\"897-c3\" class=\"h-row-container gutters-row-lg-0 gutters-row-md-0 gutters-row-0 gutters-row-v-lg-0 gutters-row-v-md-0 gutters-row-v-0 style-438 style-local-897-c3 position-relative\">\n        <!----><\/p>\n<div class=\"h-row justify-content-lg-center justify-content-md-center justify-content-center align-items-lg-stretch align-items-md-stretch align-items-stretch gutters-col-lg-0 gutters-col-md-0 gutters-col-0 gutters-col-v-lg-0 gutters-col-v-md-0 gutters-col-v-0\">\n          <!----><\/p>\n<div class=\"h-column h-column-container d-flex h-col-lg h-col-md-auto h-col-auto style-458-outer style-local-897-c4-outer\">\n<div data-colibri-id=\"897-c4\" class=\"d-flex h-flex-basis h-column__inner h-px-lg-2 h-px-md-2 h-px-2 v-inner-lg-2 v-inner-md-2 v-inner-2 style-458 style-local-897-c4 position-relative\">\n              <!----><br \/>\n              <!----><\/p>\n<div class=\"w-100 h-y-container h-column__content h-column__v-align flex-basis-100 align-self-lg-center align-self-md-center align-self-center\">\n                <!----><\/p>\n<div data-colibri-id=\"897-c5\" class=\"d-block style-459 style-local-897-c5 position-relative h-element\">\n                  <!----><\/p>\n<div class=\"h-image__frame-container-outer\">\n<div class=\"h-image__frame-container\">\n                      <!----><br \/>\n                      <!----><br \/>\n                      <img fetchpriority=\"high\" decoding=\"async\" width=\"1920\" height=\"1080\" src=\"http:\/\/laetitiacallemeyn.be\/wp-content\/uploads\/2025\/07\/Opti-Graphi.gif\" class=\"wp-image-784 style-459-image style-local-897-c5-image\"><\/p>\n<div class=\"h-image__frame h-hide-lg h-hide-md h-hide-sm style-459-frameImage style-local-897-c5-frameImage\"><\/div>\n<\/p><\/div>\n<\/p><\/div>\n<\/p><\/div>\n<\/p><\/div>\n<\/p><\/div>\n<\/p><\/div>\n<div class=\"h-column h-column-container d-flex h-col-lg-auto h-col-md-auto h-col-auto style-440-outer style-local-897-c6-outer\">\n<div data-colibri-id=\"897-c6\" class=\"d-flex h-flex-basis h-column__inner h-px-lg-3 h-px-md-3 h-px-3 v-inner-lg-3 v-inner-md-3 v-inner-3 style-440 style-local-897-c6 position-relative\">\n              <!----><br \/>\n              <!----><\/p>\n<div class=\"w-100 h-y-container h-column__content h-column__v-align flex-basis-100 align-self-lg-center align-self-md-center align-self-center\">\n                <!----><\/p>\n<div data-colibri-id=\"897-c7\" class=\"h-global-transition-all h-heading style-441 style-local-897-c7 position-relative h-element\">\n                  <!----><\/p>\n<div class=\"h-heading__outer style-441 style-local-897-c7\">\n                    <!----><br \/>\n                    <!----><\/p>\n<h3 class=\"\">Salut,<br \/>\n                      <br \/>Moi c&rsquo;est Laetitia<\/h3>\n<\/p><\/div>\n<\/p><\/div>\n<div data-colibri-id=\"897-c8\" class=\"h-text h-text-component style-443 style-local-897-c8 position-relative h-element\">\n                  <!----><br \/>\n                  <!----><\/p>\n<div class=\"\">\n<p>J\u2019adore la galaxie, ses couleurs et sa dimension infinie.<\/p>\n<p>Tout est source d\u2019inspiration en elle et il y a toujours quelque chose de nouveau \u00e0 d\u00e9couvrir.<\/p>\n<p>La situation n&rsquo;est jamais sous contr\u00f4le. Il faut constamment changer notre point de vue pour la comprendre.<\/p>\n<p>C\u2019est pour moi une source infinie d\u2019inspiration, qui me pousse \u00e0 aller toujours plus loin dans la recherche de nouvelles id\u00e9es.<\/p>\n<p>Chaque d\u00e9tail compte, car, parfois, un petit d\u00e9tail peut donner vie \u00e0 une vision enti\u00e8rement diff\u00e9rente.<\/p>\n<\/p><\/div>\n<\/p><\/div>\n<\/p><\/div>\n<\/p><\/div>\n<\/p><\/div>\n<\/p><\/div>\n<\/p><\/div>\n<\/p><\/div>\n<\/p><\/div>\n<div data-colibri-component=\"section\" data-colibri-id=\"897-c13\" id=\"custom\" class=\"h-section h-section-global-spacing d-flex align-items-lg-center align-items-md-center align-items-center style-460 style-local-897-c13 position-relative\">\n    <!----><br \/>\n    <!----><\/p>\n<div class=\"h-section-grid-container h-section-boxed-container\">\n      <!----><\/p>\n<div data-colibri-id=\"897-c14\" class=\"h-row-container gutters-row-lg-2 gutters-row-md-2 gutters-row-0 gutters-row-v-lg-2 gutters-row-v-md-2 gutters-row-v-2 style-461 style-local-897-c14 position-relative\">\n        <!----><\/p>\n<div class=\"h-row justify-content-lg-center justify-content-md-center justify-content-center align-items-lg-stretch align-items-md-stretch align-items-stretch gutters-col-lg-2 gutters-col-md-2 gutters-col-0 gutters-col-v-lg-2 gutters-col-v-md-2 gutters-col-v-2\">\n          <!----><\/p>\n<div class=\"h-column h-column-container d-flex h-col-lg-auto h-col-md-auto h-col-auto style-462-outer style-local-897-c15-outer\">\n<div data-colibri-id=\"897-c15\" class=\"d-flex h-flex-basis h-column__inner h-px-lg-3 h-px-md-3 h-px-3 v-inner-lg-3 v-inner-md-3 v-inner-3 style-462 style-local-897-c15 position-relative\">\n              <!----><br \/>\n              <!----><\/p>\n<div class=\"w-100 h-y-container h-column__content h-column__v-align flex-basis-100 align-self-lg-center align-self-md-center align-self-center\">\n                <!----><\/p>\n<div data-colibri-id=\"897-c16\" class=\"h-text h-text-component style-463 style-local-897-c16 position-relative h-element\">\n                  <!----><br \/>\n                  <!----><\/p>\n<div class=\"\">\n<p>\u00ab\u00a0D\u00e9j\u00e0 essay\u00e9. D\u00e9j\u00e0 \u00e9chou\u00e9. Peu importe. Essaie encore. \u00c9choue encore. \u00c9choue mieux.\u00a0\u00bb<\/p>\n<p>&#8211; Samuel Beckett, dans Worstward Ho (1983)<\/p>\n<\/p><\/div>\n<\/p><\/div>\n<\/p><\/div>\n<\/p><\/div>\n<\/p><\/div>\n<\/p><\/div>\n<\/p><\/div>\n<\/p><\/div>\n<\/p><\/div>\n<\/div>\n","protected":false},"excerpt":{"rendered":"<p>Salut, Moi c&rsquo;est Laetitia J\u2019adore la galaxie, ses couleurs et sa dimension infinie. Tout est source d\u2019inspiration en elle et [&hellip;]<\/p>\n","protected":false},"author":1,"featured_media":0,"parent":0,"menu_order":0,"comment_status":"closed","ping_status":"closed","template":"page-templates\/full-width-page.php","meta":{"site-sidebar-layout":"default","site-content-layout":"","ast-site-content-layout":"default","site-content-style":"default","site-sidebar-style":"default","ast-global-header-display":"","ast-banner-title-visibility":"","ast-main-header-display":"","ast-hfb-above-header-display":"","ast-hfb-below-header-display":"","ast-hfb-mobile-header-display":"","site-post-title":"","ast-breadcrumbs-content":"","ast-featured-img":"","footer-sml-layout":"","ast-disable-related-posts":"","theme-transparent-header-meta":"","adv-header-id-meta":"","stick-header-meta":"","header-above-stick-meta":"","header-main-stick-meta":"","header-below-stick-meta":"","astra-migrate-meta-layouts":"default","ast-page-background-enabled":"default","ast-page-background-meta":{"desktop":{"background-color":"var(--ast-global-color-5)","background-image":"","background-repeat":"repeat","background-position":"center center","background-size":"auto","background-attachment":"scroll","background-type":"","background-media":"","overlay-type":"","overlay-color":"","overlay-opacity":"","overlay-gradient":""},"tablet":{"background-color":"","background-image":"","background-repeat":"repeat","background-position":"center center","background-size":"auto","background-attachment":"scroll","background-type":"","background-media":"","overlay-type":"","overlay-color":"","overlay-opacity":"","overlay-gradient":""},"mobile":{"background-color":"","background-image":"","background-repeat":"repeat","background-position":"center center","background-size":"auto","background-attachment":"scroll","background-type":"","background-media":"","overlay-type":"","overlay-color":"","overlay-opacity":"","overlay-gradient":""}},"ast-content-background-meta":{"desktop":{"background-color":"var(--ast-global-color-4)","background-image":"","background-repeat":"repeat","background-position":"center center","background-size":"auto","background-attachment":"scroll","background-type":"","background-media":"","overlay-type":"","overlay-color":"","overlay-opacity":"","overlay-gradient":""},"tablet":{"background-color":"var(--ast-global-color-4)","background-image":"","background-repeat":"repeat","background-position":"center center","background-size":"auto","background-attachment":"scroll","background-type":"","background-media":"","overlay-type":"","overlay-color":"","overlay-opacity":"","overlay-gradient":""},"mobile":{"background-color":"var(--ast-global-color-4)","background-image":"","background-repeat":"repeat","background-position":"center center","background-size":"auto","background-attachment":"scroll","background-type":"","background-media":"","overlay-type":"","overlay-color":"","overlay-opacity":"","overlay-gradient":""}},"footnotes":""},"class_list":["post-897","page","type-page","status-publish","hentry"],"yoast_head":"<!-- This site is optimized with the Yoast SEO plugin v27.3 - https:\/\/yoast.com\/product\/yoast-seo-wordpress\/ -->\n<title>\u00c0 propos - Laetitia Callemeyn<\/title>\n<meta name=\"robots\" content=\"index, follow, max-snippet:-1, max-image-preview:large, max-video-preview:-1\" \/>\n<link rel=\"canonical\" href=\"https:\/\/laetitiacallemeyn.be\/index.php\/a-propos\/\" \/>\n<meta property=\"og:locale\" content=\"fr_FR\" \/>\n<meta property=\"og:type\" content=\"article\" \/>\n<meta property=\"og:title\" content=\"\u00c0 propos - Laetitia Callemeyn\" \/>\n<meta property=\"og:description\" content=\"Salut, Moi c&rsquo;est Laetitia J\u2019adore la galaxie, ses couleurs et sa dimension infinie. Tout est source d\u2019inspiration en elle et [&hellip;]\" \/>\n<meta property=\"og:url\" content=\"https:\/\/laetitiacallemeyn.be\/index.php\/a-propos\/\" \/>\n<meta property=\"og:site_name\" content=\"Laetitia Callemeyn\" \/>\n<meta property=\"article:modified_time\" content=\"2025-07-31T20:11:30+00:00\" \/>\n<meta property=\"og:image\" content=\"http:\/\/laetitiacallemeyn.be\/wp-content\/uploads\/2025\/07\/Opti-Graphi.gif\" \/>\n<meta name=\"twitter:card\" content=\"summary_large_image\" \/>\n<script type=\"application\/ld+json\" class=\"yoast-schema-graph\">{\"@context\":\"https:\\\/\\\/schema.org\",\"@graph\":[{\"@type\":\"WebPage\",\"@id\":\"https:\\\/\\\/laetitiacallemeyn.be\\\/index.php\\\/a-propos\\\/\",\"url\":\"https:\\\/\\\/laetitiacallemeyn.be\\\/index.php\\\/a-propos\\\/\",\"name\":\"\u00c0 propos - Laetitia Callemeyn\",\"isPartOf\":{\"@id\":\"https:\\\/\\\/laetitiacallemeyn.be\\\/#website\"},\"primaryImageOfPage\":{\"@id\":\"https:\\\/\\\/laetitiacallemeyn.be\\\/index.php\\\/a-propos\\\/#primaryimage\"},\"image\":{\"@id\":\"https:\\\/\\\/laetitiacallemeyn.be\\\/index.php\\\/a-propos\\\/#primaryimage\"},\"thumbnailUrl\":\"http:\\\/\\\/laetitiacallemeyn.be\\\/wp-content\\\/uploads\\\/2025\\\/07\\\/Opti-Graphi.gif\",\"datePublished\":\"2025-07-31T18:00:21+00:00\",\"dateModified\":\"2025-07-31T20:11:30+00:00\",\"breadcrumb\":{\"@id\":\"https:\\\/\\\/laetitiacallemeyn.be\\\/index.php\\\/a-propos\\\/#breadcrumb\"},\"inLanguage\":\"fr-FR\",\"potentialAction\":[{\"@type\":\"ReadAction\",\"target\":[\"https:\\\/\\\/laetitiacallemeyn.be\\\/index.php\\\/a-propos\\\/\"]}]},{\"@type\":\"ImageObject\",\"inLanguage\":\"fr-FR\",\"@id\":\"https:\\\/\\\/laetitiacallemeyn.be\\\/index.php\\\/a-propos\\\/#primaryimage\",\"url\":\"https:\\\/\\\/laetitiacallemeyn.be\\\/wp-content\\\/uploads\\\/2025\\\/07\\\/Opti-Graphi.gif\",\"contentUrl\":\"https:\\\/\\\/laetitiacallemeyn.be\\\/wp-content\\\/uploads\\\/2025\\\/07\\\/Opti-Graphi.gif\",\"width\":1920,\"height\":1080},{\"@type\":\"BreadcrumbList\",\"@id\":\"https:\\\/\\\/laetitiacallemeyn.be\\\/index.php\\\/a-propos\\\/#breadcrumb\",\"itemListElement\":[{\"@type\":\"ListItem\",\"position\":1,\"name\":\"Accueil\",\"item\":\"https:\\\/\\\/laetitiacallemeyn.be\\\/\"},{\"@type\":\"ListItem\",\"position\":2,\"name\":\"\u00c0 propos\"}]},{\"@type\":\"WebSite\",\"@id\":\"https:\\\/\\\/laetitiacallemeyn.be\\\/#website\",\"url\":\"https:\\\/\\\/laetitiacallemeyn.be\\\/\",\"name\":\"Laetitia Callemeyn\",\"description\":\"Graphic &amp; Motion Designer\",\"potentialAction\":[{\"@type\":\"SearchAction\",\"target\":{\"@type\":\"EntryPoint\",\"urlTemplate\":\"https:\\\/\\\/laetitiacallemeyn.be\\\/?s={search_term_string}\"},\"query-input\":{\"@type\":\"PropertyValueSpecification\",\"valueRequired\":true,\"valueName\":\"search_term_string\"}}],\"inLanguage\":\"fr-FR\"}]}<\/script>\n<!-- \/ Yoast SEO plugin. -->","yoast_head_json":{"title":"\u00c0 propos - Laetitia Callemeyn","robots":{"index":"index","follow":"follow","max-snippet":"max-snippet:-1","max-image-preview":"max-image-preview:large","max-video-preview":"max-video-preview:-1"},"canonical":"https:\/\/laetitiacallemeyn.be\/index.php\/a-propos\/","og_locale":"fr_FR","og_type":"article","og_title":"\u00c0 propos - Laetitia Callemeyn","og_description":"Salut, Moi c&rsquo;est Laetitia J\u2019adore la galaxie, ses couleurs et sa dimension infinie. Tout est source d\u2019inspiration en elle et [&hellip;]","og_url":"https:\/\/laetitiacallemeyn.be\/index.php\/a-propos\/","og_site_name":"Laetitia Callemeyn","article_modified_time":"2025-07-31T20:11:30+00:00","og_image":[{"url":"http:\/\/laetitiacallemeyn.be\/wp-content\/uploads\/2025\/07\/Opti-Graphi.gif","type":"","width":"","height":""}],"twitter_card":"summary_large_image","schema":{"@context":"https:\/\/schema.org","@graph":[{"@type":"WebPage","@id":"https:\/\/laetitiacallemeyn.be\/index.php\/a-propos\/","url":"https:\/\/laetitiacallemeyn.be\/index.php\/a-propos\/","name":"\u00c0 propos - Laetitia Callemeyn","isPartOf":{"@id":"https:\/\/laetitiacallemeyn.be\/#website"},"primaryImageOfPage":{"@id":"https:\/\/laetitiacallemeyn.be\/index.php\/a-propos\/#primaryimage"},"image":{"@id":"https:\/\/laetitiacallemeyn.be\/index.php\/a-propos\/#primaryimage"},"thumbnailUrl":"http:\/\/laetitiacallemeyn.be\/wp-content\/uploads\/2025\/07\/Opti-Graphi.gif","datePublished":"2025-07-31T18:00:21+00:00","dateModified":"2025-07-31T20:11:30+00:00","breadcrumb":{"@id":"https:\/\/laetitiacallemeyn.be\/index.php\/a-propos\/#breadcrumb"},"inLanguage":"fr-FR","potentialAction":[{"@type":"ReadAction","target":["https:\/\/laetitiacallemeyn.be\/index.php\/a-propos\/"]}]},{"@type":"ImageObject","inLanguage":"fr-FR","@id":"https:\/\/laetitiacallemeyn.be\/index.php\/a-propos\/#primaryimage","url":"https:\/\/laetitiacallemeyn.be\/wp-content\/uploads\/2025\/07\/Opti-Graphi.gif","contentUrl":"https:\/\/laetitiacallemeyn.be\/wp-content\/uploads\/2025\/07\/Opti-Graphi.gif","width":1920,"height":1080},{"@type":"BreadcrumbList","@id":"https:\/\/laetitiacallemeyn.be\/index.php\/a-propos\/#breadcrumb","itemListElement":[{"@type":"ListItem","position":1,"name":"Accueil","item":"https:\/\/laetitiacallemeyn.be\/"},{"@type":"ListItem","position":2,"name":"\u00c0 propos"}]},{"@type":"WebSite","@id":"https:\/\/laetitiacallemeyn.be\/#website","url":"https:\/\/laetitiacallemeyn.be\/","name":"Laetitia Callemeyn","description":"Graphic &amp; Motion Designer","potentialAction":[{"@type":"SearchAction","target":{"@type":"EntryPoint","urlTemplate":"https:\/\/laetitiacallemeyn.be\/?s={search_term_string}"},"query-input":{"@type":"PropertyValueSpecification","valueRequired":true,"valueName":"search_term_string"}}],"inLanguage":"fr-FR"}]}},"_links":{"self":[{"href":"https:\/\/laetitiacallemeyn.be\/index.php\/wp-json\/wp\/v2\/pages\/897","targetHints":{"allow":["GET"]}}],"collection":[{"href":"https:\/\/laetitiacallemeyn.be\/index.php\/wp-json\/wp\/v2\/pages"}],"about":[{"href":"https:\/\/laetitiacallemeyn.be\/index.php\/wp-json\/wp\/v2\/types\/page"}],"author":[{"embeddable":true,"href":"https:\/\/laetitiacallemeyn.be\/index.php\/wp-json\/wp\/v2\/users\/1"}],"replies":[{"embeddable":true,"href":"https:\/\/laetitiacallemeyn.be\/index.php\/wp-json\/wp\/v2\/comments?post=897"}],"version-history":[{"count":0,"href":"https:\/\/laetitiacallemeyn.be\/index.php\/wp-json\/wp\/v2\/pages\/897\/revisions"}],"wp:attachment":[{"href":"https:\/\/laetitiacallemeyn.be\/index.php\/wp-json\/wp\/v2\/media?parent=897"}],"curies":[{"name":"wp","href":"https:\/\/api.w.org\/{rel}","templated":true}]}}